{"id":6532,"date":"2025-05-27T13:18:03","date_gmt":"2025-05-27T16:18:03","guid":{"rendered":"https:\/\/dreamhomescinema.com\/?page_id=6532"},"modified":"2025-06-12T16:05:48","modified_gmt":"2025-06-12T19:05:48","slug":"nuestro-enfoque","status":"publish","type":"page","link":"https:\/\/dreamhomescinema.com\/?page_id=6532","title":{"rendered":"Nuestro Enfoque"},"content":{"rendered":"\t\t<div data-elementor-type=\"wp-page\" data-elementor-id=\"6532\" class=\"elementor elementor-6532\">\n\t\t\t\t\n<div class=\"elementor-element elementor-element-3fe16ec9 e-con-full e-flex e-con e-parent\" data-id=\"3fe16ec9\" data-element_type=\"container\">\n\t\t\n\t\t<div class=\"elementor-element elementor-element-47f19aad elementor-widget elementor-widget-qi_addons_for_elementor_typeout_text\" data-id=\"47f19aad\" data-element_type=\"widget\" data-widget_type=\"qi_addons_for_elementor_typeout_text.default\">\n\t\t\t\t<div class=\"elementor-widget-container\">\n\t\t\t\t\t<div class=\"qodef-shortcode qodef-m qodef-qi-typeout-text\" data-strings=\"[&quot;Enfoque&quot;]\" data-cursor=\"|\">\n\t<h6 class=\"qodef-m-text\">\n\t\t\t\t\tNuestro\t\t\t\t<span class=\"qodef-typeout-holder\">\n\t\t\t<span class=\"qodef-typeout\"><\/span>\n\t\t<\/span>\n\t<\/h6>\n<\/div>\n\t\t\t\t<\/div>\n\t\t\t\t<\/div>\n\t\t\t\t<\/div>\n\t\t<div class=\"elementor-element elementor-element-7741b62 e-flex e-con-boxed e-con e-parent\" data-id=\"7741b62\" data-element_type=\"container\">\n\t\t\t\t\t<div class=\"e-con-inner\">\n\t\t\t\t<div class=\"elementor-element elementor-element-4e6f7d6 elementor-widget elementor-widget-heading\" data-id=\"4e6f7d6\" data-element_type=\"widget\" data-widget_type=\"heading.default\">\n\t\t\t\t<div class=\"elementor-widget-container\">\n\t\t\t\t\t<h3 class=\"elementor-heading-title elementor-size-default\">Una nueva forma de mirar la arquitectura<\/h3>\t\t\t\t<\/div>\n\t\t\t\t<\/div>\n\t\t\t\t\t<\/div>\n\t\t\t\t<\/div>\n\t\t<div class=\"elementor-element elementor-element-23f95b22 e-con-full e-flex e-con e-parent\" data-id=\"23f95b22\" data-element_type=\"container\">\n\t\t\t\t<div class=\"elementor-element elementor-element-13df3c5 elementor-widget elementor-widget-image\" data-id=\"13df3c5\" data-element_type=\"widget\" data-widget_type=\"image.default\">\n\t\t\t\t<div class=\"elementor-widget-container\">\n\t\t\t\t\t\t\t\t\t\t\t\t\t\t\t<img fetchpriority=\"high\" decoding=\"async\" width=\"1300\" height=\"650\" src=\"https:\/\/dreamhomescinema.com\/wp-content\/uploads\/2025\/06\/DHC_-_Guia_para_Contenido-002-1300x650.webp\" class=\"attachment-qi_addons_for_elementor_image_size_landscape size-qi_addons_for_elementor_image_size_landscape wp-image-6600\" alt=\"\" \/>\t\t\t\t\t\t\t\t\t\t\t\t\t\t\t<\/div>\n\t\t\t\t<\/div>\n\t\t\t\t<div class=\"elementor-element elementor-element-42a0b511 elementor-widget elementor-widget-text-editor\" data-id=\"42a0b511\" data-element_type=\"widget\" data-widget_type=\"text-editor.default\">\n\t\t\t\t<div class=\"elementor-widget-container\">\n\t\t\t\t\t\t\t\t\t<p class=\"p1\">En Dream Homes Cinema transformamos la arquitectura en cine. Cada proyecto es \u00fanico, y comprendemos la importancia de reflejar la visi\u00f3n del estudio a trav\u00e9s de una est\u00e9tica cuidada y una sensibilidad narrativa capaz de conectar con la audiencia.<\/p><p class=\"p1\">\u00a0<\/p>\t\t\t\t\t\t\t\t<\/div>\n\t\t\t\t<\/div>\n\t\t\t\t<\/div>\n\t\t<div class=\"elementor-element elementor-element-8cf5a13 e-con-full e-flex e-con e-parent\" data-id=\"8cf5a13\" data-element_type=\"container\">\n\t\t\t\t<div class=\"elementor-element elementor-element-b69f0ec elementor-widget elementor-widget-image\" data-id=\"b69f0ec\" data-element_type=\"widget\" data-widget_type=\"image.default\">\n\t\t\t\t<div class=\"elementor-widget-container\">\n\t\t\t\t\t\t\t\t\t\t\t\t\t\t\t<img decoding=\"async\" width=\"1300\" height=\"650\" src=\"https:\/\/dreamhomescinema.com\/wp-content\/uploads\/2025\/06\/DHC_-_Guia_para_Contenido-003-1300x650.webp\" class=\"attachment-qi_addons_for_elementor_image_size_landscape size-qi_addons_for_elementor_image_size_landscape wp-image-6601\" alt=\"\" \/>\t\t\t\t\t\t\t\t\t\t\t\t\t\t\t<\/div>\n\t\t\t\t<\/div>\n\t\t\t\t<div class=\"elementor-element elementor-element-2254048 elementor-widget elementor-widget-text-editor\" data-id=\"2254048\" data-element_type=\"widget\" data-widget_type=\"text-editor.default\">\n\t\t\t\t<div class=\"elementor-widget-container\">\n\t\t\t\t\t\t\t\t\t<p class=\"p1\">No nos limitamos a registrar el espacio: lo interpretamos. Combinamos precisi\u00f3n t\u00e9cnica con emoci\u00f3n visual para narrar un estilo de vida, articulando la espacialidad, los materiales, la luz y el alma del dise\u00f1o.<\/p><p class=\"p1\">\u00a0<\/p>\t\t\t\t\t\t\t\t<\/div>\n\t\t\t\t<\/div>\n\t\t\t\t<\/div>\n\t\t<div class=\"elementor-element elementor-element-54c7b49 e-flex e-con-boxed e-con e-parent\" data-id=\"54c7b49\" data-element_type=\"container\">\n\t\t\t\t\t<div class=\"e-con-inner\">\n\t\t<div class=\"elementor-element elementor-element-950ef8c e-con-full e-flex e-con e-child\" data-id=\"950ef8c\" data-element_type=\"container\">\n\t\t\t\t<div class=\"elementor-element elementor-element-64bce73 elementor-widget elementor-widget-image\" data-id=\"64bce73\" data-element_type=\"widget\" data-widget_type=\"image.default\">\n\t\t\t\t<div class=\"elementor-widget-container\">\n\t\t\t\t\t\t\t\t\t\t\t\t\t\t\t<img decoding=\"async\" width=\"1300\" height=\"650\" src=\"https:\/\/dreamhomescinema.com\/wp-content\/uploads\/2025\/06\/DHC_-_Guia_para_Contenido-004-1300x650.webp\" class=\"attachment-qi_addons_for_elementor_image_size_landscape size-qi_addons_for_elementor_image_size_landscape wp-image-6602\" alt=\"\" \/>\t\t\t\t\t\t\t\t\t\t\t\t\t\t\t<\/div>\n\t\t\t\t<\/div>\n\t\t\t\t<div class=\"elementor-element elementor-element-2f5b201c elementor-widget elementor-widget-text-editor\" data-id=\"2f5b201c\" data-element_type=\"widget\" data-widget_type=\"text-editor.default\">\n\t\t\t\t<div class=\"elementor-widget-container\">\n\t\t\t\t\t\t\t\t\t<p class=\"p1\">En Dream Homes Cinema capturamos atm\u00f3sferas que inspiran. Trabajamos junto a estudios que buscan una identidad audiovisual sofisticada y memorable. Sabemos que comunicar un proyecto va m\u00e1s all\u00e1 de mostrar sus virtudes t\u00e9cnicas: se trata de contar una historia que despierte deseo y genere conexi\u00f3n.<\/p>\t\t\t\t\t\t\t\t<\/div>\n\t\t\t\t<\/div>\n\t\t\t\t<\/div>\n\t\t\t\t\t<\/div>\n\t\t\t\t<\/div>\n\t\t<div class=\"elementor-element elementor-element-d3c42a8 e-flex e-con-boxed e-con e-parent\" data-id=\"d3c42a8\" data-element_type=\"container\">\n\t\t\t\t\t<div class=\"e-con-inner\">\n\t\t\t\t<div class=\"elementor-element elementor-element-d5459fc elementor-widget elementor-widget-image\" data-id=\"d5459fc\" data-element_type=\"widget\" data-widget_type=\"image.default\">\n\t\t\t\t<div class=\"elementor-widget-container\">\n\t\t\t\t\t\t\t\t\t\t\t\t\t\t\t<img loading=\"lazy\" decoding=\"async\" width=\"1300\" height=\"650\" src=\"https:\/\/dreamhomescinema.com\/wp-content\/uploads\/2025\/06\/DHC_-_Guia_para_Contenido-005-1300x650.webp\" class=\"attachment-qi_addons_for_elementor_image_size_landscape size-qi_addons_for_elementor_image_size_landscape wp-image-6603\" alt=\"\" \/>\t\t\t\t\t\t\t\t\t\t\t\t\t\t\t<\/div>\n\t\t\t\t<\/div>\n\t\t\t\t<div class=\"elementor-element elementor-element-8ff1b8c elementor-widget elementor-widget-text-editor\" data-id=\"8ff1b8c\" data-element_type=\"widget\" data-widget_type=\"text-editor.default\">\n\t\t\t\t<div class=\"elementor-widget-container\">\n\t\t\t\t\t\t\t\t\t<p class=\"p1\">Con una trayectoria que une el lenguaje del cine y publicidad, nuestra propuesta no solo contempla una sensibilidad art\u00edstica, sino tambi\u00e9n una comprensi\u00f3n estrat\u00e9gica de lo que una pieza audiovisual debe lograr: visibilidad, identidad e impacto.<\/p>\t\t\t\t\t\t\t\t<\/div>\n\t\t\t\t<\/div>\n\t\t\t\t\t<\/div>\n\t\t\t\t<\/div>\n\t\t<div class=\"elementor-element elementor-element-2806d442 e-con-full e-flex e-con e-parent\" data-id=\"2806d442\" data-element_type=\"container\">\n\t\t\t\t<div class=\"elementor-element elementor-element-41886fc elementor-widget elementor-widget-text-editor\" data-id=\"41886fc\" data-element_type=\"widget\" data-widget_type=\"text-editor.default\">\n\t\t\t\t<div class=\"elementor-widget-container\">\n\t\t\t\t\t\t\t\t\t<h5>Nuestra filosof\u00eda<\/h5>\t\t\t\t\t\t\t\t<\/div>\n\t\t\t\t<\/div>\n\t\t\t\t<div class=\"elementor-element elementor-element-35694349 elementor-widget elementor-widget-text-editor\" data-id=\"35694349\" data-element_type=\"widget\" data-widget_type=\"text-editor.default\">\n\t\t\t\t<div class=\"elementor-widget-container\">\n\t\t\t\t\t\t\t\t\t<p class=\"p1\">Creemos que cada obra arquitect\u00f3nica merece ser contada con la misma sensibilidad con la que fue concebida. No como un cat\u00e1logo de planos, sino como un relato visual que traduzca su alma y su atm\u00f3sfera.<\/p><p class=\"p1\"><b>Dream Homes Cinema <\/b>nace de esa b\u00fasqueda: construir un lenguaje cinematogr\u00e1fico que comprenda el poder de la arquitectura para conmover, inspirar y trascender. Y que, en su encuentro con el cine, abra camino a una nueva expresi\u00f3n art\u00edstica, capaz de profundizar su impacto cultural a trav\u00e9s de la conexi\u00f3n emocional, la experiencia y el estilo de vida.<\/p><p class=\"p1\">Revolucionar la forma en que se comunica la arquitectura es nuestra misi\u00f3n.<\/p>\t\t\t\t\t\t\t\t<\/div>\n\t\t\t\t<\/div>\n\t\t\t\t<div class=\"elementor-element elementor-element-5071a12 elementor-widget elementor-widget-text-editor\" data-id=\"5071a12\" data-element_type=\"widget\" data-widget_type=\"text-editor.default\">\n\t\t\t\t<div class=\"elementor-widget-container\">\n\t\t\t\t\t\t\t\t\t<h5>una invitaci\u00f3n<\/h5>\t\t\t\t\t\t\t\t<\/div>\n\t\t\t\t<\/div>\n\t\t\t\t<div class=\"elementor-element elementor-element-59d6aa2 elementor-widget elementor-widget-text-editor\" data-id=\"59d6aa2\" data-element_type=\"widget\" data-widget_type=\"text-editor.default\">\n\t\t\t\t<div class=\"elementor-widget-container\">\n\t\t\t\t\t\t\t\t\t<p class=\"p1\">Te invitamos a imaginar juntos nuevas formas de narrar tu obra. Estamos listos para convertir tu proyecto en cine.<\/p>\t\t\t\t\t\t\t\t<\/div>\n\t\t\t\t<\/div>\n\t\t\t\t<div class=\"elementor-element elementor-element-55dc56d elementor-widget elementor-widget-qi_addons_for_elementor_button\" data-id=\"55dc56d\" data-element_type=\"widget\" data-widget_type=\"qi_addons_for_elementor_button.default\">\n\t\t\t\t<div class=\"elementor-widget-container\">\n\t\t\t\t\t<a class=\"qodef-shortcode qodef-m qodef-qi-button qodef-html--link qodef-layout--filled qodef-type--standard qodef-icon--right qodef-hover--icon-move-horizontal-short\" href=\"https:\/\/dreamhomescinema.com\/?page_id=6420\" target=\"_self\">\n\t<span class=\"qodef-m-text\"> C\u00d3MO TRABAJAMOS<\/span>\n\t<\/a>\n\t\t\t\t<\/div>\n\t\t\t\t<\/div>\n\t\t\t\t<\/div>\n\t\t\t\t<\/div>\n\t\t","protected":false},"excerpt":{"rendered":"<p>Nuestro Una nueva forma de mirar la arquitectura En Dream Homes Cinema transformamos la arquitectura en cine. Cada proyecto es \u00fanico, y comprendemos la importancia de reflejar la visi\u00f3n del estudio a trav\u00e9s de una est\u00e9tica cuidada y una sensibilidad narrativa capaz de conectar con la audiencia. \u00a0 No nos limitamos a registrar el espacio: [&hellip;]<\/p>\n","protected":false},"author":1,"featured_media":0,"parent":0,"menu_order":0,"comment_status":"closed","ping_status":"closed","template":"elementor_header_footer","meta":{"footnotes":""},"class_list":["post-6532","page","type-page","status-publish","hentry"],"_links":{"self":[{"href":"https:\/\/dreamhomescinema.com\/index.php?rest_route=\/wp\/v2\/pages\/6532","targetHints":{"allow":["GET"]}}],"collection":[{"href":"https:\/\/dreamhomescinema.com\/index.php?rest_route=\/wp\/v2\/pages"}],"about":[{"href":"https:\/\/dreamhomescinema.com\/index.php?rest_route=\/wp\/v2\/types\/page"}],"author":[{"embeddable":true,"href":"https:\/\/dreamhomescinema.com\/index.php?rest_route=\/wp\/v2\/users\/1"}],"replies":[{"embeddable":true,"href":"https:\/\/dreamhomescinema.com\/index.php?rest_route=%2Fwp%2Fv2%2Fcomments&post=6532"}],"version-history":[{"count":23,"href":"https:\/\/dreamhomescinema.com\/index.php?rest_route=\/wp\/v2\/pages\/6532\/revisions"}],"predecessor-version":[{"id":6698,"href":"https:\/\/dreamhomescinema.com\/index.php?rest_route=\/wp\/v2\/pages\/6532\/revisions\/6698"}],"wp:attachment":[{"href":"https:\/\/dreamhomescinema.com\/index.php?rest_route=%2Fwp%2Fv2%2Fmedia&parent=6532"}],"curies":[{"name":"wp","href":"https:\/\/api.w.org\/{rel}","templated":true}]}}